{"id":656,"date":"2017-08-23T15:58:01","date_gmt":"2017-08-23T13:58:01","guid":{"rendered":"http:\/\/35.231.23.93\/tiempo-de-tenis\/"},"modified":"2017-08-25T15:53:52","modified_gmt":"2017-08-25T13:53:52","slug":"tiempo-de-tenis","status":"publish","type":"page","link":"https:\/\/marbella-tennis-lessons.com\/es\/tiempo-de-tenis\/","title":{"rendered":"TIEMPO DE TENIS"},"content":{"rendered":"<h1>Tenis Marbella Clima<\/h1>\n<p>Debido a su situaci\u00f3n entre la costa y la Sierra Blanca, Marbella disfruta de un micro-clima excepcionalmente agradable. Estas condiciones clim\u00e1ticas ideales permiten practicar tenis todo el a\u00f1o. Incluso cuando los vientos se sacuden al Estrecho de Gibraltar, justo al otro lado de la bah\u00eda, el d\u00eda ser\u00e1 tranquilo y placentero en Marbella. Hay mucho sol en el verano y generalmente temperaturas suaves durante todo el resto del a\u00f1o. Incluso en los meses de invierno un su\u00e9ter ligero normalmente ser\u00e1 suficiente para mantenerte caliente.<\/p>\n<div class='weather-atlas-wrapper' style='background:#FF8300;border:1px solid #ee7200;color:#fff;'><div class='weather-atlas-header' style='border-bottom:1px solid #ee7200'>Tiempo de tenis Marbella<\/div><div class='weather-atlas-body'><div class='current_horizontal'><div class='current_temp'><i class='wi wi-fw wi-weather-32'><\/i><span class='temp'>21\u00b0<\/span><div class='current_text'>Soleado<\/div><div class='sunrise_sunset'>07:42<i class='wi wi-fw wi-weather-32'><\/i>20:55 CEST<\/div><\/div><span class='current_text_2'>Sensaci\u00f3n: 21<small>\u00b0C<\/small><br\/>Viento: 13<small>km\/h<\/small> 100<small>\u00b0<\/small><br\/>Humedad: 53<small>%<\/small><br\/>Presi\u00f3n: 1017.95<small>mbar<\/small><br\/>\u00cdndice UV: 5<\/span><\/div><div class='hourly hours' style='border-bottom:1px solid #ee7200'><span class='extended_hour extended_hour_1'>18<small>h<\/small><\/span><span class='extended_hour extended_hour_2'>19<small>h<\/small><\/span><span class='extended_hour extended_hour_3'>20<small>h<\/small><\/span><span class='extended_hour extended_hour_4'>21<small>h<\/small><\/span><span class='extended_hour extended_hour_5'>22<small>h<\/small><\/span><\/div><div class='hourly'><span class='extended_hour extended_hour_1' title='Soleado'>22<small>\u00b0C<\/small><br\/><i class='wi wi-fw wi-weather-32'><\/i><\/span><span class='extended_hour extended_hour_2' title='Parcialmente nublado'>22<small>\u00b0C<\/small><br\/><i class='wi wi-fw wi-weather-30'><\/i><\/span><span class='extended_hour extended_hour_3' title='Parcialmente nublado'>21<small>\u00b0C<\/small><br\/><i class='wi wi-fw wi-weather-30'><\/i><\/span><span class='extended_hour extended_hour_4' title='Parcialmente nublado'>19<small>\u00b0C<\/small><br\/><i class='wi wi-fw wi-weather-29'><\/i><\/span><span class='extended_hour extended_hour_5' title='Parcialmente nublado'>18<small>\u00b0C<\/small><br\/><i class='wi wi-fw wi-weather-29'><\/i><\/span><\/div><div class='daily days' style='border-bottom:1px solid #ee7200'><span class='extended_day extended_day_1'>S\u00e1b<\/span><span class='extended_day extended_day_2'>Dom<\/span><span class='extended_day extended_day_3'>Lun<\/span><span class='extended_day extended_day_4'>Mar<\/span><span class='extended_day extended_day_5'>Mi\u00e9<\/span><\/div><div class='daily'><span class='extended_day extended_day_1' title='Parcialmente nublado'>23<small>\u00b0C<\/small> \/ 15<small>\u00b0C<\/small><br\/><i class='wi wi-fw wi-weather-30'><\/i><\/span><span class='extended_day extended_day_2' title='Mayormente soleado'>23<small>\u00b0C<\/small> \/ 14<small>\u00b0C<\/small><br\/><i class='wi wi-fw wi-weather-34'><\/i><\/span><span class='extended_day extended_day_3' title='Parcialmente nublado'>23<small>\u00b0C<\/small> \/ 16<small>\u00b0C<\/small><br\/><i class='wi wi-fw wi-weather-30'><\/i><\/span><span class='extended_day extended_day_4' title='Mayormente nublado'>24<small>\u00b0C<\/small> \/ 16<small>\u00b0C<\/small><br\/><i class='wi wi-fw wi-weather-28'><\/i><\/span><span class='extended_day extended_day_5' title='Soleado'>23<small>\u00b0C<\/small> \/ 16<small>\u00b0C<\/small><br\/><i class='wi wi-fw wi-weather-32'><\/i><\/span><\/div><\/div><div class='weather-atlas-footer' style='border-top:1px solid #ee7200'><a href='https:\/\/www.weather-atlas.com\/es\/espana\/marbella-pronostico-del-tiempo-extendido' title='Marbella, ES - Pron\u00f3stico meteorol\u00f3gico para 10 d\u00edas' style='color:#fff'><span class='weather-atlas-footer-block'>Marbella, ES<\/span> pron\u00f3stico meteorol\u00f3gico para 10 d\u00edas &#9656;<\/a><\/div><\/div>\n<p>Marbella es tan a menudo pasado por alto en el invierno, pero es una maravillosa \u00e9poca del a\u00f1o para visitar, especialmente si usted vive en el norte de Europa, donde incluso en verano las lluvias son mucho mayores. En el invierno Marbella es preciosa y tranquila, las flores est\u00e1n en flor y hay cielos azules y sol, pero sin las altas temperaturas, perfecto para jugar a tenis o explorar una de las muchas ciudades o pueblos de Andaluc\u00eda.<\/p>\n<p>Aseg\u00farese de que usted aproveche al m\u00e1ximo el clima de Marbella y tomar algunas <a href=\"\/es\/entrenador-de-tenis\/\">clases con entrenador de tenis<\/a> Orlando Barcia.<\/p>\n","protected":false},"excerpt":{"rendered":"<p>Tenis Marbella Clima Debido a su situaci\u00f3n entre la costa y la Sierra Blanca, Marbella disfruta de un micro-clima excepcionalmente agradable. Estas condiciones clim\u00e1ticas ideales permiten practicar tenis todo el a\u00f1o. Incluso cuando los vientos se sacuden al Estrecho de Gibraltar, justo al otro lado de la bah\u00eda, el d\u00eda ser\u00e1 tranquilo y placentero en [&hellip;]<\/p>\n","protected":false},"author":2,"featured_media":0,"parent":0,"menu_order":0,"comment_status":"closed","ping_status":"closed","template":"","meta":{"_monsterinsights_skip_tracking":false,"_monsterinsights_sitenote_active":false,"_monsterinsights_sitenote_note":"","_monsterinsights_sitenote_category":0,"footnotes":""},"aioseo_notices":[],"_links":{"self":[{"href":"https:\/\/marbella-tennis-lessons.com\/es\/wp-json\/wp\/v2\/pages\/656"}],"collection":[{"href":"https:\/\/marbella-tennis-lessons.com\/es\/wp-json\/wp\/v2\/pages"}],"about":[{"href":"https:\/\/marbella-tennis-lessons.com\/es\/wp-json\/wp\/v2\/types\/page"}],"author":[{"embeddable":true,"href":"https:\/\/marbella-tennis-lessons.com\/es\/wp-json\/wp\/v2\/users\/2"}],"replies":[{"embeddable":true,"href":"https:\/\/marbella-tennis-lessons.com\/es\/wp-json\/wp\/v2\/comments?post=656"}],"version-history":[{"count":0,"href":"https:\/\/marbella-tennis-lessons.com\/es\/wp-json\/wp\/v2\/pages\/656\/revisions"}],"wp:attachment":[{"href":"https:\/\/marbella-tennis-lessons.com\/es\/wp-json\/wp\/v2\/media?parent=656"}],"curies":[{"name":"wp","href":"https:\/\/api.w.org\/{rel}","templated":true}]}}