{"id":48,"date":"2017-06-13T19:12:57","date_gmt":"2017-06-13T19:12:57","guid":{"rendered":"http:\/\/35.231.23.93\/jeannieross-barcia\/"},"modified":"2018-05-27T12:24:05","modified_gmt":"2018-05-27T10:24:05","slug":"jeannieross-barcia","status":"publish","type":"page","link":"https:\/\/marbella-tennis-lessons.com\/es\/jeannieross-barcia\/","title":{"rendered":"JEANNIEROSS BARCIA"},"content":{"rendered":"<h1>Jeannieross Barcia<\/h1>\n<p>He sido el entrenador personal de mi hija Jeannieross Barcia desde que ten\u00eda cuatro a\u00f1os. Jeannieross ocupa el puesto n\u00famero 1 en Andaluc\u00eda para el grupo de edad de 12 a\u00f1os y menores. Jeannie ha sido reconocido por el ex campe\u00f3n de Wimbledon Manolo Santana como una futura estrella del tenis damas.<\/p>\n<p><img decoding=\"async\" loading=\"lazy\" class=\"alignnone wp-image-45\" src=\"http:\/\/marbella-tennis-lessons.com\/wp-content\/uploads\/2017\/06\/20161224_130731-e1497381078558-300x297.jpg\" alt=\"\" width=\"720\" height=\"714\" srcset=\"https:\/\/marbella-tennis-lessons.com\/wp-content\/uploads\/2017\/06\/20161224_130731-e1497381078558-300x297.jpg 300w, https:\/\/marbella-tennis-lessons.com\/wp-content\/uploads\/2017\/06\/20161224_130731-e1497381078558-150x150.jpg 150w, https:\/\/marbella-tennis-lessons.com\/wp-content\/uploads\/2017\/06\/20161224_130731-e1497381078558-768x761.jpg 768w, https:\/\/marbella-tennis-lessons.com\/wp-content\/uploads\/2017\/06\/20161224_130731-e1497381078558-1024x1015.jpg 1024w\" sizes=\"(max-width: 720px) 100vw, 720px\" \/><\/p>\n","protected":false},"excerpt":{"rendered":"<p>Jeannieross Barcia He sido el entrenador personal de mi hija Jeannieross Barcia desde que ten\u00eda cuatro a\u00f1os. Jeannieross ocupa el puesto n\u00famero 1 en Andaluc\u00eda para el grupo de edad de 12 a\u00f1os y menores. Jeannie ha sido reconocido por el ex campe\u00f3n de Wimbledon Manolo Santana como una futura estrella del tenis damas.<\/p>\n","protected":false},"author":2,"featured_media":0,"parent":0,"menu_order":0,"comment_status":"closed","ping_status":"closed","template":"","meta":{"_monsterinsights_skip_tracking":false,"_monsterinsights_sitenote_active":false,"_monsterinsights_sitenote_note":"","_monsterinsights_sitenote_category":0,"footnotes":""},"aioseo_notices":[],"_links":{"self":[{"href":"https:\/\/marbella-tennis-lessons.com\/es\/wp-json\/wp\/v2\/pages\/48"}],"collection":[{"href":"https:\/\/marbella-tennis-lessons.com\/es\/wp-json\/wp\/v2\/pages"}],"about":[{"href":"https:\/\/marbella-tennis-lessons.com\/es\/wp-json\/wp\/v2\/types\/page"}],"author":[{"embeddable":true,"href":"https:\/\/marbella-tennis-lessons.com\/es\/wp-json\/wp\/v2\/users\/2"}],"replies":[{"embeddable":true,"href":"https:\/\/marbella-tennis-lessons.com\/es\/wp-json\/wp\/v2\/comments?post=48"}],"version-history":[{"count":0,"href":"https:\/\/marbella-tennis-lessons.com\/es\/wp-json\/wp\/v2\/pages\/48\/revisions"}],"wp:attachment":[{"href":"https:\/\/marbella-tennis-lessons.com\/es\/wp-json\/wp\/v2\/media?parent=48"}],"curies":[{"name":"wp","href":"https:\/\/api.w.org\/{rel}","templated":true}]}}