{"id":40,"date":"2017-06-13T18:00:06","date_gmt":"2017-06-13T18:00:06","guid":{"rendered":"http:\/\/35.231.23.93\/lecciones\/"},"modified":"2019-03-12T07:20:53","modified_gmt":"2019-03-12T06:20:53","slug":"lecciones","status":"publish","type":"page","link":"https:\/\/marbella-tennis-lessons.com\/es\/lecciones\/","title":{"rendered":"LECCIONES"},"content":{"rendered":"<h1>Mis Clases de Tenis<\/h1>\n<h2>P\u00f3ngase en contacto conmigo para su media hora de lecci\u00f3n de prueba gratuita<\/h2>\n<p>Para asegurarse de que usted es feliz con mi ense\u00f1anza, yo le dar\u00e9 gratuitamente un ensayo de media hora. Por favor p\u00f3ngase en <a href=\"http:\/\/marbella-tennis-lessons.com\/es\/contacto\/\">contacto conmigo aqu\u00ed<\/a>.<\/p>\n<h2>Qu\u00e9 niveles \u00bfPuedo ense\u00f1ar?<\/h2>\n<p>Proporciono lecciones de tenis para todos los niveles de estudiantes, de principiantes a jugadores de concurso. Proveo comida para todos los a\u00f1os, jugadores mayores a peque\u00f1os ni\u00f1os. Estoy particularmente experimentados en la ense\u00f1anza a los ni\u00f1os como he estado entrenando mi propia hija <a href=\"http:\/\/marbella-tennis-lessons.com\/es\/jeannieross-barcia\/\">Jeannieross Barcia<\/a> desde que ten\u00eda cuatro a\u00f1os.<\/p>\n<h2>\u00bfD\u00f3nde puedo sujetar las lecciones de tenis?<\/h2>\n<p>Como freelance, entrenador de tenis I puede organizar clases de tenis en varios lugares a lo largo de la costa de Marbella Golden Mile hasta M\u00e1laga. Puedo venir a su pista de tenis o de organizar lecciones en un lugar cercano a usted.<\/p>\n<h2>\u00bfQu\u00e9 es lo que mis lecciones constan de?<\/h2>\n<p>Durante mi primera lecci\u00f3n con la que voy a evaluar el nivel de su juego y le daremos una evaluaci\u00f3n honesta de d\u00f3nde puedo ayudar m\u00e1s en mejorar sus habilidades de tenis, ya sea su forehand, servir, pies, etc., con su acuerdo, entonces voy a poner juntos un programa de capacitaci\u00f3n que permitir\u00e1 construir tu nivel de habilidad.<\/p>\n<p>Como entrenador, soy un apasionado de ver a mis estudiantes a triunfar y voy a evaluar constantemente su juego y darle retroalimentaci\u00f3n sincera hacia la mejora de sus habilidades de tenis.<\/p>\n<h2>\u00bfCu\u00e1nto cuestan las lecciones de tenis?<\/h2>\n<p>Mis clases son muy competitivos en esta zona de Espa\u00f1a y voy a trabajar con usted para proporcionar lecciones que se adapten a su presupuesto.<\/p>\n","protected":false},"excerpt":{"rendered":"<p>Mis Clases de Tenis P\u00f3ngase en contacto conmigo para su media hora de lecci\u00f3n de prueba gratuita Para asegurarse de que usted es feliz con mi ense\u00f1anza, yo le dar\u00e9 gratuitamente un ensayo de media hora. Por favor p\u00f3ngase en contacto conmigo aqu\u00ed. Qu\u00e9 niveles \u00bfPuedo ense\u00f1ar? Proporciono lecciones de tenis para todos los niveles [&hellip;]<\/p>\n","protected":false},"author":2,"featured_media":0,"parent":0,"menu_order":0,"comment_status":"closed","ping_status":"closed","template":"","meta":{"_monsterinsights_skip_tracking":false,"_monsterinsights_sitenote_active":false,"_monsterinsights_sitenote_note":"","_monsterinsights_sitenote_category":0,"footnotes":""},"aioseo_notices":[],"_links":{"self":[{"href":"https:\/\/marbella-tennis-lessons.com\/es\/wp-json\/wp\/v2\/pages\/40"}],"collection":[{"href":"https:\/\/marbella-tennis-lessons.com\/es\/wp-json\/wp\/v2\/pages"}],"about":[{"href":"https:\/\/marbella-tennis-lessons.com\/es\/wp-json\/wp\/v2\/types\/page"}],"author":[{"embeddable":true,"href":"https:\/\/marbella-tennis-lessons.com\/es\/wp-json\/wp\/v2\/users\/2"}],"replies":[{"embeddable":true,"href":"https:\/\/marbella-tennis-lessons.com\/es\/wp-json\/wp\/v2\/comments?post=40"}],"version-history":[{"count":0,"href":"https:\/\/marbella-tennis-lessons.com\/es\/wp-json\/wp\/v2\/pages\/40\/revisions"}],"wp:attachment":[{"href":"https:\/\/marbella-tennis-lessons.com\/es\/wp-json\/wp\/v2\/media?parent=40"}],"curies":[{"name":"wp","href":"https:\/\/api.w.org\/{rel}","templated":true}]}}