{"id":16,"date":"2017-06-13T05:50:49","date_gmt":"2017-06-13T05:50:49","guid":{"rendered":"http:\/\/35.231.23.93\/?page_id=16\/"},"modified":"2021-05-26T07:51:09","modified_gmt":"2021-05-26T05:51:09","slug":"entrenador-de-tenis","status":"publish","type":"page","link":"https:\/\/marbella-tennis-lessons.com\/es\/entrenador-de-tenis\/","title":{"rendered":"SOBRE ME"},"content":{"rendered":"<h1>Entrenador de tenis<\/h1>\n<p>Mi nombre es Orlando Barcia, originalmente de las Filipinas, vine a Espa\u00f1a con mi familia en 2006. Ahora soy un ciudadano espa\u00f1ol y disfrutar jugando y dando mi <a href=\"https:\/\/marbella-tennis-lessons.com\/es\/lecciones\/\">clases de tenis de Marbella<\/a>.<\/p>\n<p><img decoding=\"async\" loading=\"lazy\" class=\"alignnone size-large wp-image-865\" src=\"http:\/\/marbella-tennis-lessons.com\/wp-content\/uploads\/2017\/04\/Orlando-with-Jeannie-1024x576.jpg\" alt=\"\" width=\"800\" height=\"450\" srcset=\"https:\/\/marbella-tennis-lessons.com\/wp-content\/uploads\/2017\/04\/Orlando-with-Jeannie-1024x576.jpg 1024w, https:\/\/marbella-tennis-lessons.com\/wp-content\/uploads\/2017\/04\/Orlando-with-Jeannie-300x169.jpg 300w, https:\/\/marbella-tennis-lessons.com\/wp-content\/uploads\/2017\/04\/Orlando-with-Jeannie-768x432.jpg 768w, https:\/\/marbella-tennis-lessons.com\/wp-content\/uploads\/2017\/04\/Orlando-with-Jeannie.jpg 1280w\" sizes=\"(max-width: 800px) 100vw, 800px\" \/><\/p>\n<p>Soy un apasionado por mi tenis y por primera vez se convirti\u00f3 en un entrenador de tenis cuando ten\u00eda diecis\u00e9is a\u00f1os. He obtenido la certificaci\u00f3n como entrenador de tenis profesional registrado tanto a trav\u00e9s de la RTP y USPTA.<\/p>\n<p>He trabajado en varios clubes, tanto aqu\u00ed como en el extranjero. En el \u00e1rea de Marbella, he trabajado en el Atalaya Park Hotel Tennis Club y el Club de Tenis Bel Air de Estepona, y Manolo Santana raquetas Club en la ciudad de Marbella.<\/p>\n<p>Cuando no estoy dando clases de tenis como entrenador freelance, estoy entrenando a mi hija <a href=\"https:\/\/marbella-tennis-lessons.com\/es\/jeannieross-barcia\/\">Jeannieross barcia<\/a> que es un joven jugador de tenis.<\/p>\n<p><img decoding=\"async\" loading=\"lazy\" class=\"wp-image-256 alignleft\" src=\"http:\/\/marbella-tennis-lessons.com\/wp-content\/uploads\/2017\/06\/USPTA-logo-300x265.jpg\" alt=\"\" width=\"148\" height=\"131\" srcset=\"https:\/\/marbella-tennis-lessons.com\/wp-content\/uploads\/2017\/06\/USPTA-logo-300x265.jpg 300w, https:\/\/marbella-tennis-lessons.com\/wp-content\/uploads\/2017\/06\/USPTA-logo-768x679.jpg 768w, https:\/\/marbella-tennis-lessons.com\/wp-content\/uploads\/2017\/06\/USPTA-logo-1024x905.jpg 1024w\" sizes=\"(max-width: 148px) 100vw, 148px\" \/><\/p>\n<p><img decoding=\"async\" loading=\"lazy\" class=\"wp-image-255 alignleft\" src=\"http:\/\/marbella-tennis-lessons.com\/wp-content\/uploads\/2017\/06\/rpt-logo-300x300.jpg\" alt=\"\" width=\"140\" height=\"140\" srcset=\"https:\/\/marbella-tennis-lessons.com\/wp-content\/uploads\/2017\/06\/rpt-logo-300x300.jpg 300w, https:\/\/marbella-tennis-lessons.com\/wp-content\/uploads\/2017\/06\/rpt-logo-150x150.jpg 150w, https:\/\/marbella-tennis-lessons.com\/wp-content\/uploads\/2017\/06\/rpt-logo-768x768.jpg 768w, https:\/\/marbella-tennis-lessons.com\/wp-content\/uploads\/2017\/06\/rpt-logo.jpg 800w\" sizes=\"(max-width: 140px) 100vw, 140px\" \/><\/p>\n","protected":false},"excerpt":{"rendered":"<p>Mi nombre es Orlando Barcia, originalmente de las Filipinas, vine a Espa\u00f1a con mi familia en 2006. Ahora soy un ciudadano espa\u00f1ol y disfrutar jugando y dando mi clases de tenis de Marbella.<\/p>\n","protected":false},"author":2,"featured_media":0,"parent":0,"menu_order":0,"comment_status":"closed","ping_status":"closed","template":"","meta":{"_monsterinsights_skip_tracking":false,"_monsterinsights_sitenote_active":false,"_monsterinsights_sitenote_note":"","_monsterinsights_sitenote_category":0,"footnotes":""},"aioseo_notices":[],"_links":{"self":[{"href":"https:\/\/marbella-tennis-lessons.com\/es\/wp-json\/wp\/v2\/pages\/16"}],"collection":[{"href":"https:\/\/marbella-tennis-lessons.com\/es\/wp-json\/wp\/v2\/pages"}],"about":[{"href":"https:\/\/marbella-tennis-lessons.com\/es\/wp-json\/wp\/v2\/types\/page"}],"author":[{"embeddable":true,"href":"https:\/\/marbella-tennis-lessons.com\/es\/wp-json\/wp\/v2\/users\/2"}],"replies":[{"embeddable":true,"href":"https:\/\/marbella-tennis-lessons.com\/es\/wp-json\/wp\/v2\/comments?post=16"}],"version-history":[{"count":0,"href":"https:\/\/marbella-tennis-lessons.com\/es\/wp-json\/wp\/v2\/pages\/16\/revisions"}],"wp:attachment":[{"href":"https:\/\/marbella-tennis-lessons.com\/es\/wp-json\/wp\/v2\/media?parent=16"}],"curies":[{"name":"wp","href":"https:\/\/api.w.org\/{rel}","templated":true}]}}