{"id":1058,"date":"2018-05-04T23:48:45","date_gmt":"2018-05-04T21:48:45","guid":{"rendered":"http:\/\/35.231.23.93\/?page_id=1058"},"modified":"2022-04-18T08:09:26","modified_gmt":"2022-04-18T06:09:26","slug":"support-jeannie","status":"publish","type":"page","link":"https:\/\/marbella-tennis-lessons.com\/es\/support-jeannie\/","title":{"rendered":"Apoyar Jeannie"},"content":{"rendered":"\n<h1 class=\"wp-block-heading\">Hola a todos &#8211; Por favor ay\u00fadame a patrocinarme<\/h1>\n\n<div class=\"wp-block-media-text alignwide is-stacked-on-mobile is-vertically-aligned-top\" style=\"grid-template-columns:25% auto\"><figure class=\"wp-block-media-text__media\"><img decoding=\"async\" loading=\"lazy\" width=\"344\" height=\"501\" src=\"http:\/\/marbella-tennis-lessons.com\/wp-content\/uploads\/2022\/04\/Jeannie-profile-detail.jpg\" alt=\"\" class=\"wp-image-1577 size-full\" srcset=\"https:\/\/marbella-tennis-lessons.com\/wp-content\/uploads\/2022\/04\/Jeannie-profile-detail.jpg 344w, https:\/\/marbella-tennis-lessons.com\/wp-content\/uploads\/2022\/04\/Jeannie-profile-detail-206x300.jpg 206w\" sizes=\"(max-width: 344px) 100vw, 344px\" \/><\/figure><div class=\"wp-block-media-text__content\">\n<p>Soy Jeannieross Barcia Guquib, un joven ciudadano filipino nacido en Espa\u00f1a. Juego al tenis desde los seis a\u00f1os y a los ocho empec\u00e9 a jugar en competici\u00f3n.<\/p>\n\n\n\n<p>Me encanta el tenis y he estado practicando constantemente, desarrollando mi habilidad y clasificaci\u00f3n. Mi objetivo es convertirme en un jugador profesional y representar a mi pa\u00eds en el tenis.<\/p>\n<\/div><\/div>\n\n<p><\/p>\n\n<h2 class=\"wp-block-heading\">\u00bfPor qu\u00e9 necesito tu ayuda?<\/h2>\n\n<p>Convertirse en tenista profesional requiere mucho esfuerzo y recursos. Para seguir subiendo en la clasificaci\u00f3n y progresar a un nivel superior, debo competir en tantos torneos como pueda para ganar puntos de clasificaci\u00f3n.<\/p>\n\n<p>Entrenados por mi padre, Orlando, tenemos que viajar por toda Espa\u00f1a y competir contra jugadores con muchos m\u00e1s recursos econ\u00f3micos disponibles. Ahora que tengo 16 a\u00f1os, estoy compitiendo en torneos abiertos femeninos por toda Espa\u00f1a. El costo t\u00edpico de participar en un torneo de este tipo es de casi 1000 euros. Para poder financiar mi carrera y poder participar en m\u00e1s torneos, se ha creado esta p\u00e1gina de donaciones para permitir que amigos y simpatizantes hagan una contribuci\u00f3n y me ayuden en mi camino.<\/p>\n\n<p>Si prefiere hacer una donaci\u00f3n por correo postal, env\u00edela a Orlando Barcia Cabrillas, Avenida las Palmeras 3, Puerta 324, 29601, Marbella, Espa\u00f1a.<\/p>\n","protected":false},"excerpt":{"rendered":"<p>Hola a todos &#8211; Por favor ay\u00fadame a patrocinarme Soy Jeannieross Barcia Guquib, un joven ciudadano filipino nacido en Espa\u00f1a. Juego al tenis desde los seis a\u00f1os y a los ocho empec\u00e9 a jugar en competici\u00f3n. Me encanta el tenis y he estado practicando constantemente, desarrollando mi habilidad y clasificaci\u00f3n. Mi objetivo es convertirme en [&hellip;]<\/p>\n","protected":false},"author":2,"featured_media":0,"parent":0,"menu_order":0,"comment_status":"closed","ping_status":"closed","template":"","meta":{"_monsterinsights_skip_tracking":false,"_monsterinsights_sitenote_active":false,"_monsterinsights_sitenote_note":"","_monsterinsights_sitenote_category":0,"footnotes":""},"aioseo_notices":[],"_links":{"self":[{"href":"https:\/\/marbella-tennis-lessons.com\/es\/wp-json\/wp\/v2\/pages\/1058"}],"collection":[{"href":"https:\/\/marbella-tennis-lessons.com\/es\/wp-json\/wp\/v2\/pages"}],"about":[{"href":"https:\/\/marbella-tennis-lessons.com\/es\/wp-json\/wp\/v2\/types\/page"}],"author":[{"embeddable":true,"href":"https:\/\/marbella-tennis-lessons.com\/es\/wp-json\/wp\/v2\/users\/2"}],"replies":[{"embeddable":true,"href":"https:\/\/marbella-tennis-lessons.com\/es\/wp-json\/wp\/v2\/comments?post=1058"}],"version-history":[{"count":0,"href":"https:\/\/marbella-tennis-lessons.com\/es\/wp-json\/wp\/v2\/pages\/1058\/revisions"}],"wp:attachment":[{"href":"https:\/\/marbella-tennis-lessons.com\/es\/wp-json\/wp\/v2\/media?parent=1058"}],"curies":[{"name":"wp","href":"https:\/\/api.w.org\/{rel}","templated":true}]}}